{"id":45,"date":"2017-02-02T18:17:59","date_gmt":"2017-02-02T17:17:59","guid":{"rendered":"https:\/\/www.ilpungivendolo.it\/?page_id=45"},"modified":"2021-01-25T10:27:01","modified_gmt":"2021-01-25T09:27:01","slug":"chi-siamo","status":"publish","type":"page","link":"https:\/\/www.ilpungivendolo.it\/index.php\/chi-siamo\/","title":{"rendered":"Chi siamo"},"content":{"rendered":"<p>Mi \u00e8 stato frequentemente chiesto il perch\u00e9 di questa mia passione per le piante grasse. Fin da bambino, sono stato sempre affascinato da tutte le meraviglie della natura, sia animali che vegetali. Ho avuto il privilegio di crescere praticamente in un vivaio, dove il proprietario mi insegn\u00f2 che, coltivare piante, pu\u00f2 essere un lavoro come tanti , ma farlo con passione \u00e8 una fortuna che aiuta a renderlo pi\u00f9 bello.<br \/>\nColtivare quelle insolite, strane e rare col tempo divent\u00f2 la mia specializzazione, anche se impegnativa, sicuramente molto appagante.<br \/>\nIl vivaio del \u201cPungivendolo\u201d \u00e8 un piccolo vivaio a conduzione famigliare, dove il cliente non \u00e8 mai stato pensato come un &#8220;compratore di piante&#8221;, ma un appassionato, al quale dedicarci senza fretta, rispondendo alle sue domande e consigliandolo sempre al meglio per la coltivazione delle nostre amate grassottelle. Abbiamo sempre preferito la qualit\u00e0 alla quantit\u00e0, per questo da noi non troverete mai migliaia di piante tutte uguali ma pochi esemplari selezionati, di molte specie diverse. Le piante sono coltivate senza forzature e i trattamenti sono ridotti al minimo indispensabile, il terriccio viene preparato in sede, utilizzando una composta che garantisce un aspetto e una crescita pi\u00f9 vicina possibile a quella naturale, adattandosi molto bene ai vari metodi di coltivazione di tutti gli appassionati. Buona coltivazione<br \/>\nPARTITA IVA\u00a0 :\u00a0 01707310569<br \/>\nVIVAIO CITES:\u00a0 \u00a0P-IT01334<\/p>\n<h2 style=\"text-align: center;\"><em><strong>SOLO LE VERE PASSIONI VIVONO TRA LE SPINE<\/strong><\/em><\/h2>\n","protected":false},"excerpt":{"rendered":"<p>Mi \u00e8 stato frequentemente chiesto il perch\u00e9 di questa mia passione per le piante grasse. Fin da bambino, sono stato sempre affascinato da tutte le meraviglie della natura, sia animali che vegetali. Ho avuto il privilegio di crescere praticamente in un vivaio, dove il proprietario mi insegn\u00f2 che, coltivare piante, pu\u00f2 essere un lavoro come [&hellip;]<\/p>\n","protected":false},"author":1,"featured_media":0,"parent":0,"menu_order":0,"comment_status":"closed","ping_status":"closed","template":"","meta":{"_et_pb_use_builder":"","_et_pb_old_content":"","_et_gb_content_width":"","footnotes":""},"class_list":["post-45","page","type-page","status-publish","hentry"],"_links":{"self":[{"href":"https:\/\/www.ilpungivendolo.it\/index.php\/wp-json\/wp\/v2\/pages\/45","targetHints":{"allow":["GET"]}}],"collection":[{"href":"https:\/\/www.ilpungivendolo.it\/index.php\/wp-json\/wp\/v2\/pages"}],"about":[{"href":"https:\/\/www.ilpungivendolo.it\/index.php\/wp-json\/wp\/v2\/types\/page"}],"author":[{"embeddable":true,"href":"https:\/\/www.ilpungivendolo.it\/index.php\/wp-json\/wp\/v2\/users\/1"}],"replies":[{"embeddable":true,"href":"https:\/\/www.ilpungivendolo.it\/index.php\/wp-json\/wp\/v2\/comments?post=45"}],"version-history":[{"count":4,"href":"https:\/\/www.ilpungivendolo.it\/index.php\/wp-json\/wp\/v2\/pages\/45\/revisions"}],"predecessor-version":[{"id":3427,"href":"https:\/\/www.ilpungivendolo.it\/index.php\/wp-json\/wp\/v2\/pages\/45\/revisions\/3427"}],"wp:attachment":[{"href":"https:\/\/www.ilpungivendolo.it\/index.php\/wp-json\/wp\/v2\/media?parent=45"}],"curies":[{"name":"wp","href":"https:\/\/api.w.org\/{rel}","templated":true}]}}