{"id":4315,"date":"2024-10-10T12:55:16","date_gmt":"2024-10-10T10:55:16","guid":{"rendered":"https:\/\/www.ilpungivendolo.it\/?post_type=product&#038;p=4315"},"modified":"2024-10-10T17:22:27","modified_gmt":"2024-10-10T15:22:27","slug":"ceropegia-woodii-variegata","status":"publish","type":"product","link":"https:\/\/www.ilpungivendolo.it\/index.php\/prodotto\/ceropegia-woodii-variegata\/","title":{"rendered":"Ceropegia woodii variegata"},"content":{"rendered":"<p>La Ceropegia woodii variegata, anche nota come &#8220;pianta del cuore&#8221; o &#8220;filo di perle&#8221;, \u00e8 una pianta succulenta originaria del Sudafrica. La variet\u00e0 variegata si distingue dalla specie pi\u00f9 comune per\u00a0le sue foglie a forma di cuore, che sono di colore verde chiaro con striature bianche.<\/p>\n","protected":false},"excerpt":{"rendered":"<p>La Ceropegia woodii variegata, anche nota come &#8220;pianta del cuore&#8221; o &#8220;filo di perle&#8221;, \u00e8 una pianta succulenta originaria del Sudafrica. La variet\u00e0 variegata si distingue dalla specie pi\u00f9 comune per\u00a0le sue foglie a forma di cuore, che sono di colore verde chiaro con striature bianche.<\/p>\n","protected":false},"featured_media":4319,"template":"","meta":{"_et_pb_use_builder":"","_et_pb_old_content":"","_et_gb_content_width":""},"product_brand":[],"product_cat":[21,10],"product_tag":[],"class_list":{"0":"post-4315","1":"product","2":"type-product","3":"status-publish","4":"has-post-thumbnail","6":"product_cat-senza-categoria","7":"product_cat-succulente","9":"first","10":"instock","11":"shipping-taxable","12":"purchasable","13":"product-type-simple"},"_links":{"self":[{"href":"https:\/\/www.ilpungivendolo.it\/index.php\/wp-json\/wp\/v2\/product\/4315","targetHints":{"allow":["GET"]}}],"collection":[{"href":"https:\/\/www.ilpungivendolo.it\/index.php\/wp-json\/wp\/v2\/product"}],"about":[{"href":"https:\/\/www.ilpungivendolo.it\/index.php\/wp-json\/wp\/v2\/types\/product"}],"wp:featuredmedia":[{"embeddable":true,"href":"https:\/\/www.ilpungivendolo.it\/index.php\/wp-json\/wp\/v2\/media\/4319"}],"wp:attachment":[{"href":"https:\/\/www.ilpungivendolo.it\/index.php\/wp-json\/wp\/v2\/media?parent=4315"}],"wp:term":[{"taxonomy":"product_brand","embeddable":true,"href":"https:\/\/www.ilpungivendolo.it\/index.php\/wp-json\/wp\/v2\/product_brand?post=4315"},{"taxonomy":"product_cat","embeddable":true,"href":"https:\/\/www.ilpungivendolo.it\/index.php\/wp-json\/wp\/v2\/product_cat?post=4315"},{"taxonomy":"product_tag","embeddable":true,"href":"https:\/\/www.ilpungivendolo.it\/index.php\/wp-json\/wp\/v2\/product_tag?post=4315"}],"curies":[{"name":"wp","href":"https:\/\/api.w.org\/{rel}","templated":true}]}}